{"id":95,"date":"2010-11-08T00:46:33","date_gmt":"2010-11-07T23:46:33","guid":{"rendered":"http:\/\/www.pzlg.net\/wordpress\/?page_id=95"},"modified":"2022-02-17T17:50:42","modified_gmt":"2022-02-17T16:50:42","slug":"kontakt","status":"publish","type":"page","link":"https:\/\/www.pzlg.net\/wordpress\/kontakt\/","title":{"rendered":"Kontakt"},"content":{"rendered":"\n<p>Interesse oder Anregungen? Kritik, Lob, Fragen? Wir freuen uns sehr \u00fcber eine Kontaktaufnahme!<\/p>\n\n\n\n<p>Sie erreichen uns am schnellsten \u00fcber<\/p>\n\n\n\n<p>info@pzlg.net<\/p>\n\n\n\n<p>Viele Gr\u00fc\u00dfe<br>Ihre PzlG<\/p>\n","protected":false},"excerpt":{"rendered":"<p>Interesse oder Anregungen? Kritik, Lob, Fragen? Wir freuen uns sehr \u00fcber eine Kontaktaufnahme! Sie erreichen uns am schnellsten \u00fcber info@pzlg.net Viele Gr\u00fc\u00dfeIhre PzlG<\/p>\n","protected":false},"author":2,"featured_media":0,"parent":0,"menu_order":4,"comment_status":"closed","ping_status":"closed","template":"","meta":{"footnotes":""},"class_list":["post-95","page","type-page","status-publish","hentry"],"_links":{"self":[{"href":"https:\/\/www.pzlg.net\/wordpress\/wp-json\/wp\/v2\/pages\/95","targetHints":{"allow":["GET"]}}],"collection":[{"href":"https:\/\/www.pzlg.net\/wordpress\/wp-json\/wp\/v2\/pages"}],"about":[{"href":"https:\/\/www.pzlg.net\/wordpress\/wp-json\/wp\/v2\/types\/page"}],"author":[{"embeddable":true,"href":"https:\/\/www.pzlg.net\/wordpress\/wp-json\/wp\/v2\/users\/2"}],"replies":[{"embeddable":true,"href":"https:\/\/www.pzlg.net\/wordpress\/wp-json\/wp\/v2\/comments?post=95"}],"version-history":[{"count":20,"href":"https:\/\/www.pzlg.net\/wordpress\/wp-json\/wp\/v2\/pages\/95\/revisions"}],"predecessor-version":[{"id":1248,"href":"https:\/\/www.pzlg.net\/wordpress\/wp-json\/wp\/v2\/pages\/95\/revisions\/1248"}],"wp:attachment":[{"href":"https:\/\/www.pzlg.net\/wordpress\/wp-json\/wp\/v2\/media?parent=95"}],"curies":[{"name":"wp","href":"https:\/\/api.w.org\/{rel}","templated":true}]}}