{"id":81,"date":"2010-11-08T00:20:26","date_gmt":"2010-11-07T23:20:26","guid":{"rendered":"http:\/\/www.pzlg.net\/wordpress\/?page_id=81"},"modified":"2022-02-18T12:14:47","modified_gmt":"2022-02-18T11:14:47","slug":"hochmittelalter","status":"publish","type":"page","link":"https:\/\/www.pzlg.net\/wordpress\/projekte\/hochmittelalter\/","title":{"rendered":"13. Jahrhundert"},"content":{"rendered":"\n<div class=\"wp-block-columns is-layout-flex wp-container-core-columns-is-layout-28f84493 wp-block-columns-is-layout-flex\">\n<div class=\"wp-block-column is-layout-flow wp-block-column-is-layout-flow\" style=\"flex-basis:60%\">\n<div class=\"wp-block-group is-layout-flow wp-block-group-is-layout-flow\">\n<p>Wir besch\u00e4ftigen uns mit verschiedenen Aspekten des zivilen Alltagslebens im sp\u00e4ten 13. Jahrhundert. Unser Fokus liegt bei einfachen und wohlhabenden Menschen der damaligen Zeit und insbesondere beim Rekonstruieren von Handarbeits- und Handwerkstechniken.<\/p>\n\n\n\n<p>Gerne f\u00fchren wir unsere Arbeiten in Form von Displays vor. Wir beleben auch mittelalterliche Geb\u00e4ude &#8211; nicht um in eine andere Zeit abzutauchen, sondern um zu kl\u00e4ren, was von unseren Rekonstruktionen wirklich \u201aalltagstauglich\u2018 ist.<\/p>\n<\/div>\n<\/div>\n\n\n\n<div class=\"wp-block-column is-layout-flow wp-block-column-is-layout-flow\" style=\"flex-basis:40%\">\n<div class=\"wp-block-image\"><figure class=\"alignright size-full\"><img loading=\"lazy\" decoding=\"async\" width=\"225\" height=\"300\" src=\"https:\/\/www.pzlg.net\/wordpress\/wp-content\/uploads\/2017\/08\/Hochmittelalter2017_1.png\" alt=\"\" class=\"wp-image-614\"\/><\/figure><\/div>\n<\/div>\n<\/div>\n\n\n\n<div class=\"wp-block-group is-layout-flow wp-block-group-is-layout-flow\">\n<h1 class=\"has-large-font-size wp-block-heading\" id=\"textilien-und-bekleidung\" style=\"font-style:normal;font-weight:600;margin-top:0%;margin-right:0%;margin-bottom:0%;margin-left:0%\">Textilien und Bekleidung<\/h1>\n\n\n\n<ul class=\"wp-block-list\"><li>&#8216;vom Schaf bzw. Flachs bis zum fertigen Gewand&#8217;<\/li><li>Mode (F\u00e4rbung, Schnitterstellung, Vergleich, Modenschau)<\/li><li>Spinnen (Wolle und Flachs)<\/li><li>&#8216;von der Flocke bis zur Socke&#8217; (Nadelbindung)<\/li><li>Stickereien &#8211; Opus Teutonicum\u2018 (Z\u00e4hlstickerei), \u201aKlosterstich\u2018 (Teppichstickerei)<\/li><li>Brettchenweben (Rekonstruktionen historischer Borten)<\/li><li>Fingerschlaufenflechten<\/li><\/ul>\n<\/div>\n\n\n\n<div class=\"wp-block-columns is-layout-flex wp-container-core-columns-is-layout-28f84493 wp-block-columns-is-layout-flex\">\n<div class=\"wp-block-column is-layout-flow wp-block-column-is-layout-flow\" style=\"flex-basis:50%\">\n<h1 class=\"has-large-font-size wp-block-heading\" id=\"ernaehrung\" style=\"font-style:normal;font-weight:600\">Ern\u00e4hrung<\/h1>\n\n\n\n<ul class=\"wp-block-list\"><li>Zubereitung historischer Gerichte, Display<\/li><li>Landwirtschaftliche Arbeiten<\/li><\/ul>\n<\/div>\n\n\n\n<div class=\"wp-block-column is-layout-flow wp-block-column-is-layout-flow\" style=\"flex-basis:50%\">\n<div class=\"wp-block-image\"><figure class=\"alignright size-large is-resized\"><img loading=\"lazy\" decoding=\"async\" src=\"https:\/\/www.pzlg.net\/wordpress\/wp-content\/uploads\/2022\/02\/nienlndarbeit-1024x768.jpg\" alt=\"\" class=\"wp-image-1298\" width=\"256\" height=\"192\" srcset=\"https:\/\/www.pzlg.net\/wordpress\/wp-content\/uploads\/2022\/02\/nienlndarbeit-1024x768.jpg 1024w, https:\/\/www.pzlg.net\/wordpress\/wp-content\/uploads\/2022\/02\/nienlndarbeit-300x225.jpg 300w, https:\/\/www.pzlg.net\/wordpress\/wp-content\/uploads\/2022\/02\/nienlndarbeit-768x576.jpg 768w, https:\/\/www.pzlg.net\/wordpress\/wp-content\/uploads\/2022\/02\/nienlndarbeit.jpg 1280w\" sizes=\"auto, (max-width: 256px) 100vw, 256px\" \/><\/figure><\/div>\n<\/div>\n<\/div>\n\n\n\n<div class=\"wp-block-group is-layout-flow wp-block-group-is-layout-flow\">\n<h1 class=\"has-large-font-size wp-block-heading\" id=\"spiele-und-spielzeug\" style=\"font-style:normal;font-weight:600\">Spiele und Spielzeug<\/h1>\n\n\n\n<ul class=\"wp-block-list\"><li>Rekonstruktion von historischem Spielzeug f\u00fcr Kinder und Erwachsene, Display<\/li><li>Spiele zum Mitmachen (Schach, M\u00fchle, Dame, aber auch actionreichere wie z.B. Radschlagen)&nbsp;<\/li><\/ul>\n<\/div>\n\n\n\n<div class=\"wp-block-group is-layout-flow wp-block-group-is-layout-flow\">\n<h1 class=\"has-large-font-size wp-block-heading\" id=\"schuhmacher-flickschuster\" style=\"font-style:normal;font-weight:600\">Schuhmacher \/ Flickschuster<\/h1>\n\n\n\n<ul class=\"wp-block-list\"><li>Rekonstruktion von verschiedenen Schuhtypen nach Funden (z.B. Schleswig und Konstanz) mit entsprechendem Display<\/li><li>ggf. Reparatur von Schuhen<\/li><\/ul>\n<\/div>\n\n\n\n<div class=\"wp-block-group is-layout-flow wp-block-group-is-layout-flow\">\n<h1 class=\"has-large-font-size wp-block-heading\" id=\"buchmalerei\" style=\"font-style:normal;font-weight:600\">Buchmalerei<\/h1>\n\n\n\n<ul class=\"wp-block-list\"><li>Arbeiten auf Pergament von der Grundierung bis zu Goldauflagen, Display<\/li><\/ul>\n\n\n\n<div class=\"wp-block-group is-layout-flow wp-block-group-is-layout-flow\">\n<h1 class=\"has-large-font-size wp-block-heading\" id=\"einige-weitere-impressionen\" style=\"font-style:normal;font-weight:600\"><strong>Einige weitere Impressionen:<\/strong><\/h1>\n\n\n\n<figure class=\"wp-block-gallery has-nested-images columns-default is-cropped wp-block-gallery-1 is-layout-flex wp-block-gallery-is-layout-flex\">\n<figure class=\"wp-block-image size-large\"><img loading=\"lazy\" decoding=\"async\" width=\"500\" height=\"695\" data-id=\"847\" src=\"https:\/\/www.pzlg.net\/wordpress\/wp-content\/uploads\/2019\/09\/clhomi2.jpg\" alt=\"\" class=\"wp-image-847\" srcset=\"https:\/\/www.pzlg.net\/wordpress\/wp-content\/uploads\/2019\/09\/clhomi2.jpg 500w, https:\/\/www.pzlg.net\/wordpress\/wp-content\/uploads\/2019\/09\/clhomi2-216x300.jpg 216w\" sizes=\"auto, (max-width: 500px) 100vw, 500px\" \/><\/figure>\n\n\n\n<figure class=\"wp-block-image size-large\"><img loading=\"lazy\" decoding=\"async\" width=\"178\" height=\"225\" data-id=\"797\" src=\"https:\/\/www.pzlg.net\/wordpress\/wp-content\/uploads\/2018\/05\/Hochmittelalter2017_6_neu.png\" alt=\"\" class=\"wp-image-797\"\/><\/figure>\n\n\n\n<figure class=\"wp-block-image size-large\"><img loading=\"lazy\" decoding=\"async\" width=\"225\" height=\"300\" data-id=\"632\" src=\"https:\/\/www.pzlg.net\/wordpress\/wp-content\/uploads\/2017\/08\/Hochmittelalter2017_4.png\" alt=\"\" class=\"wp-image-632\"\/><\/figure>\n\n\n\n<figure class=\"wp-block-image size-large\"><img loading=\"lazy\" decoding=\"async\" width=\"500\" height=\"750\" data-id=\"862\" src=\"https:\/\/www.pzlg.net\/wordpress\/wp-content\/uploads\/2019\/09\/bellspin.jpg\" alt=\"\" class=\"wp-image-862\" srcset=\"https:\/\/www.pzlg.net\/wordpress\/wp-content\/uploads\/2019\/09\/bellspin.jpg 500w, https:\/\/www.pzlg.net\/wordpress\/wp-content\/uploads\/2019\/09\/bellspin-200x300.jpg 200w\" sizes=\"auto, (max-width: 500px) 100vw, 500px\" \/><\/figure>\n\n\n\n<figure class=\"wp-block-image size-large\"><img loading=\"lazy\" decoding=\"async\" width=\"225\" height=\"300\" data-id=\"646\" src=\"https:\/\/www.pzlg.net\/wordpress\/wp-content\/uploads\/2017\/08\/Hochmittelalter2017_8.png\" alt=\"\" class=\"wp-image-646\"\/><\/figure>\n\n\n\n<figure class=\"wp-block-image size-large\"><img loading=\"lazy\" decoding=\"async\" width=\"413\" height=\"565\" data-id=\"849\" src=\"https:\/\/www.pzlg.net\/wordpress\/wp-content\/uploads\/2019\/09\/uspielhomi.jpg\" alt=\"Spielzeug im Hochmittelalter\" class=\"wp-image-849\" srcset=\"https:\/\/www.pzlg.net\/wordpress\/wp-content\/uploads\/2019\/09\/uspielhomi.jpg 413w, https:\/\/www.pzlg.net\/wordpress\/wp-content\/uploads\/2019\/09\/uspielhomi-219x300.jpg 219w\" sizes=\"auto, (max-width: 413px) 100vw, 413px\" \/><\/figure>\n\n\n\n<figure class=\"wp-block-image size-large\"><img loading=\"lazy\" decoding=\"async\" width=\"371\" height=\"467\" data-id=\"867\" src=\"https:\/\/www.pzlg.net\/wordpress\/wp-content\/uploads\/2019\/09\/smitphil.jpg\" alt=\"\" class=\"wp-image-867\" srcset=\"https:\/\/www.pzlg.net\/wordpress\/wp-content\/uploads\/2019\/09\/smitphil.jpg 371w, https:\/\/www.pzlg.net\/wordpress\/wp-content\/uploads\/2019\/09\/smitphil-238x300.jpg 238w\" sizes=\"auto, (max-width: 371px) 100vw, 371px\" \/><\/figure>\n\n\n\n<figure class=\"wp-block-image size-large\"><img loading=\"lazy\" decoding=\"async\" width=\"215\" height=\"300\" data-id=\"647\" src=\"https:\/\/www.pzlg.net\/wordpress\/wp-content\/uploads\/2017\/08\/Hochmittelalter2017_9.png\" alt=\"\" class=\"wp-image-647\"\/><\/figure>\n\n\n\n<figure class=\"wp-block-image size-large\"><img loading=\"lazy\" decoding=\"async\" width=\"225\" height=\"300\" data-id=\"634\" src=\"https:\/\/www.pzlg.net\/wordpress\/wp-content\/uploads\/2017\/08\/Hochmittelalter2017_5.png\" alt=\"\" class=\"wp-image-634\"\/><\/figure>\n<\/figure>\n<\/div>\n<\/div>\n","protected":false},"excerpt":{"rendered":"<p>Wir besch\u00e4ftigen uns mit verschiedenen Aspekten des zivilen Alltagslebens im sp\u00e4ten 13. Jahrhundert. Unser Fokus liegt bei einfachen und wohlhabenden Menschen der damaligen Zeit und insbesondere beim Rekonstruieren von Handarbeits- und Handwerkstechniken. Gerne f\u00fchren wir unsere Arbeiten in Form von Displays vor. Wir beleben auch mittelalterliche Geb\u00e4ude &#8211; nicht um in eine andere Zeit abzutauchen, [&hellip;]<\/p>\n","protected":false},"author":2,"featured_media":0,"parent":14,"menu_order":12,"comment_status":"closed","ping_status":"closed","template":"","meta":{"footnotes":""},"class_list":["post-81","page","type-page","status-publish","hentry"],"_links":{"self":[{"href":"https:\/\/www.pzlg.net\/wordpress\/wp-json\/wp\/v2\/pages\/81","targetHints":{"allow":["GET"]}}],"collection":[{"href":"https:\/\/www.pzlg.net\/wordpress\/wp-json\/wp\/v2\/pages"}],"about":[{"href":"https:\/\/www.pzlg.net\/wordpress\/wp-json\/wp\/v2\/types\/page"}],"author":[{"embeddable":true,"href":"https:\/\/www.pzlg.net\/wordpress\/wp-json\/wp\/v2\/users\/2"}],"replies":[{"embeddable":true,"href":"https:\/\/www.pzlg.net\/wordpress\/wp-json\/wp\/v2\/comments?post=81"}],"version-history":[{"count":89,"href":"https:\/\/www.pzlg.net\/wordpress\/wp-json\/wp\/v2\/pages\/81\/revisions"}],"predecessor-version":[{"id":1308,"href":"https:\/\/www.pzlg.net\/wordpress\/wp-json\/wp\/v2\/pages\/81\/revisions\/1308"}],"up":[{"embeddable":true,"href":"https:\/\/www.pzlg.net\/wordpress\/wp-json\/wp\/v2\/pages\/14"}],"wp:attachment":[{"href":"https:\/\/www.pzlg.net\/wordpress\/wp-json\/wp\/v2\/media?parent=81"}],"curies":[{"name":"wp","href":"https:\/\/api.w.org\/{rel}","templated":true}]}}