{"id":73,"date":"2010-11-08T00:12:59","date_gmt":"2010-11-07T23:12:59","guid":{"rendered":"http:\/\/www.pzlg.net\/wordpress\/?page_id=73"},"modified":"2022-02-17T17:39:49","modified_gmt":"2022-02-17T16:39:49","slug":"merowech","status":"publish","type":"page","link":"https:\/\/www.pzlg.net\/wordpress\/projekte\/merowech\/","title":{"rendered":"Merowech"},"content":{"rendered":"\n<p>Das Projekt Merowech besch\u00e4ftigt sich prim\u00e4r mit der Vermittlung der Alltags- und Sachkultur des 5. bis 7. Jahrhunderts im Kontext der politischen und sozialen Umbr\u00fcche dieser Zeit. Dies erfolgt anhand m\u00f6glichst originalgetreuer Rekonstruktionsversuche, die nach aktuellen wissenschaftlichen Erkenntnissen und arch\u00e4ologischen Funden erarbeitet wurden. Dazu geh\u00f6rten Kleidung, Schmuck, Waffen, Hausrat, M\u00f6bel, Geschirr, sowie Werkzeuge und Arbeitsger\u00e4te. Das Ziel ist die Pr\u00e4sentation eines m\u00f6glichst umfangreich ausgestatteten Haushaltes mit den besonderen Schwerpunkten:<\/p>\n\n\n\n<ul class=\"wp-block-list\"><li>Textilien und Texilproduktion<\/li><li>Ern\u00e4hrung und K\u00fcche<\/li><li>Haushalt<\/li><\/ul>\n\n\n\n<figure class=\"wp-block-gallery has-nested-images columns-default wp-block-gallery-1 is-layout-flex wp-block-gallery-is-layout-flex\">\n<figure class=\"wp-block-image size-large\"><img loading=\"lazy\" decoding=\"async\" width=\"790\" height=\"585\" data-id=\"472\" src=\"https:\/\/www.pzlg.net\/wordpress\/wp-content\/uploads\/2013\/03\/Referenzen1Neu.jpg\" alt=\"\" class=\"wp-image-472\" srcset=\"https:\/\/www.pzlg.net\/wordpress\/wp-content\/uploads\/2013\/03\/Referenzen1Neu.jpg 790w, https:\/\/www.pzlg.net\/wordpress\/wp-content\/uploads\/2013\/03\/Referenzen1Neu-300x222.jpg 300w\" sizes=\"auto, (max-width: 790px) 100vw, 790px\" \/><\/figure>\n\n\n\n<figure class=\"wp-block-image size-large\"><img loading=\"lazy\" decoding=\"async\" width=\"682\" height=\"1024\" data-id=\"412\" src=\"https:\/\/www.pzlg.net\/wordpress\/wp-content\/uploads\/2010\/11\/IMG_0907.jpg\" alt=\"\" class=\"wp-image-412\" srcset=\"https:\/\/www.pzlg.net\/wordpress\/wp-content\/uploads\/2010\/11\/IMG_0907.jpg 682w, https:\/\/www.pzlg.net\/wordpress\/wp-content\/uploads\/2010\/11\/IMG_0907-199x300.jpg 199w\" sizes=\"auto, (max-width: 682px) 100vw, 682px\" \/><\/figure>\n\n\n\n<figure class=\"wp-block-image size-large\"><img loading=\"lazy\" decoding=\"async\" width=\"1024\" height=\"683\" data-id=\"414\" src=\"https:\/\/www.pzlg.net\/wordpress\/wp-content\/uploads\/2010\/11\/IMG_0848.jpg\" alt=\"\" class=\"wp-image-414\" srcset=\"https:\/\/www.pzlg.net\/wordpress\/wp-content\/uploads\/2010\/11\/IMG_0848.jpg 1024w, https:\/\/www.pzlg.net\/wordpress\/wp-content\/uploads\/2010\/11\/IMG_0848-300x200.jpg 300w\" sizes=\"auto, (max-width: 1024px) 100vw, 1024px\" \/><\/figure>\n<\/figure>\n\n\n\n<p><\/p>\n","protected":false},"excerpt":{"rendered":"<p>Das Projekt Merowech besch\u00e4ftigt sich prim\u00e4r mit der Vermittlung der Alltags- und Sachkultur des 5. bis 7. Jahrhunderts im Kontext der politischen und sozialen Umbr\u00fcche dieser Zeit. Dies erfolgt anhand m\u00f6glichst originalgetreuer Rekonstruktionsversuche, die nach aktuellen wissenschaftlichen Erkenntnissen und arch\u00e4ologischen Funden erarbeitet wurden. Dazu geh\u00f6rten Kleidung, Schmuck, Waffen, Hausrat, M\u00f6bel, Geschirr, sowie Werkzeuge und Arbeitsger\u00e4te. [&hellip;]<\/p>\n","protected":false},"author":2,"featured_media":0,"parent":14,"menu_order":8,"comment_status":"open","ping_status":"open","template":"","meta":{"footnotes":""},"class_list":["post-73","page","type-page","status-publish","hentry"],"_links":{"self":[{"href":"https:\/\/www.pzlg.net\/wordpress\/wp-json\/wp\/v2\/pages\/73","targetHints":{"allow":["GET"]}}],"collection":[{"href":"https:\/\/www.pzlg.net\/wordpress\/wp-json\/wp\/v2\/pages"}],"about":[{"href":"https:\/\/www.pzlg.net\/wordpress\/wp-json\/wp\/v2\/types\/page"}],"author":[{"embeddable":true,"href":"https:\/\/www.pzlg.net\/wordpress\/wp-json\/wp\/v2\/users\/2"}],"replies":[{"embeddable":true,"href":"https:\/\/www.pzlg.net\/wordpress\/wp-json\/wp\/v2\/comments?post=73"}],"version-history":[{"count":26,"href":"https:\/\/www.pzlg.net\/wordpress\/wp-json\/wp\/v2\/pages\/73\/revisions"}],"predecessor-version":[{"id":1236,"href":"https:\/\/www.pzlg.net\/wordpress\/wp-json\/wp\/v2\/pages\/73\/revisions\/1236"}],"up":[{"embeddable":true,"href":"https:\/\/www.pzlg.net\/wordpress\/wp-json\/wp\/v2\/pages\/14"}],"wp:attachment":[{"href":"https:\/\/www.pzlg.net\/wordpress\/wp-json\/wp\/v2\/media?parent=73"}],"curies":[{"name":"wp","href":"https:\/\/api.w.org\/{rel}","templated":true}]}}