{"id":66,"date":"2010-11-08T00:03:45","date_gmt":"2010-11-07T23:03:45","guid":{"rendered":"http:\/\/www.pzlg.net\/wordpress\/?page_id=66"},"modified":"2022-02-17T17:39:10","modified_gmt":"2022-02-17T16:39:10","slug":"roemische-kaiserzeit","status":"publish","type":"page","link":"https:\/\/www.pzlg.net\/wordpress\/projekte\/roemische-kaiserzeit\/","title":{"rendered":"R\u00f6mische Kaiserzeit"},"content":{"rendered":"\n<p>Bei unserer Besch\u00e4ftigung mit der R\u00f6mischen Kaiserzeit liegen unsere Schwerpunkte auf folgenden Themen:<\/p>\n\n\n\n<ul class=\"wp-block-list\"><li><strong>Textilien<\/strong>: Einige Mitglieder des Vereins befassen sich vertieft mit der Rekonstruktion von Textilien der R\u00f6mischen Kaiserzeit. Auf der Basis von Ver\u00f6ffentlichungen zu Moor- und Grabfunden sowie Bildwerken werden die Kleidungsst\u00fccke erarbeitet und regelm\u00e4\u00dfig nach dem neuesten Ver\u00f6ffentlichungsstand \u00fcberarbeitet. Daf\u00fcr weben und f\u00e4rben wir einen Teil der Textilien selbst, um spezielle Techniken und technische Besonderheiten zeigen zu k\u00f6nnen und um eine m\u00f6glichst gute Ann\u00e4herung an die Originale zu pr\u00e4sentieren.<\/li><li><strong>Ern\u00e4hrung und K\u00fcche<\/strong>: Hier pr\u00e4sentieren wir einerseits die r\u00f6mische K\u00fcche, bei der wir uns gr\u00f6\u00dftenteils auf die schriftlich \u00fcberlieferten Rezepte und Abbildungen st\u00fctzen und andererseits eine auf der Basis arch\u00e4ologischer Funde erarbeitete Zusammenstellung von Lebensmitteln, wie sie f\u00fcr den germanischen Bereich nachweisbar ist.<\/li><li><strong>Fischerei<\/strong>: J\u00f6rg Nadler bearbeitet dieses Thema \u00fcber mehrere Zeiten hinweg und hat f\u00fcr die r\u00f6mische Kaiserzeit Ausr\u00fcstung sowohl f\u00fcr die Fischerei der germanischen als auch der provinzialr\u00f6mischen Gebiete erarbeitet. Genaueres kann man auf seiner Homepage erfahren:<a href=\"https:\/\/www.historischerfischer.de\/portfolio\/roemerzeit\/\">&nbsp;Historischer Fischer<\/a>.<\/li><li><strong>Religion<\/strong>: Mit Hilfe zahlreicher Repliken und Abbildungen aus der Fachliteratur erl\u00e4utern wir das Thema Religion in den Nordwestprovinzen des R\u00f6mischen Reiches.<\/li><\/ul>\n\n\n\n<div class=\"wp-block-image\"><figure class=\"alignright\"><img loading=\"lazy\" decoding=\"async\" width=\"837\" height=\"892\" src=\"https:\/\/www.pzlg.net\/wordpress\/wp-content\/uploads\/2017\/08\/pzlg_kaiserzeit-2017.png\" alt=\"\" class=\"wp-image-655\" srcset=\"https:\/\/www.pzlg.net\/wordpress\/wp-content\/uploads\/2017\/08\/pzlg_kaiserzeit-2017.png 837w, https:\/\/www.pzlg.net\/wordpress\/wp-content\/uploads\/2017\/08\/pzlg_kaiserzeit-2017-282x300.png 282w, https:\/\/www.pzlg.net\/wordpress\/wp-content\/uploads\/2017\/08\/pzlg_kaiserzeit-2017-768x818.png 768w\" sizes=\"auto, (max-width: 837px) 100vw, 837px\" \/><\/figure><\/div>\n","protected":false},"excerpt":{"rendered":"<p>Bei unserer Besch\u00e4ftigung mit der R\u00f6mischen Kaiserzeit liegen unsere Schwerpunkte auf folgenden Themen: Textilien: Einige Mitglieder des Vereins befassen sich vertieft mit der Rekonstruktion von Textilien der R\u00f6mischen Kaiserzeit. Auf der Basis von Ver\u00f6ffentlichungen zu Moor- und Grabfunden sowie Bildwerken werden die Kleidungsst\u00fccke erarbeitet und regelm\u00e4\u00dfig nach dem neuesten Ver\u00f6ffentlichungsstand \u00fcberarbeitet. Daf\u00fcr weben und f\u00e4rben [&hellip;]<\/p>\n","protected":false},"author":2,"featured_media":0,"parent":14,"menu_order":6,"comment_status":"open","ping_status":"open","template":"","meta":{"footnotes":""},"class_list":["post-66","page","type-page","status-publish","hentry"],"_links":{"self":[{"href":"https:\/\/www.pzlg.net\/wordpress\/wp-json\/wp\/v2\/pages\/66","targetHints":{"allow":["GET"]}}],"collection":[{"href":"https:\/\/www.pzlg.net\/wordpress\/wp-json\/wp\/v2\/pages"}],"about":[{"href":"https:\/\/www.pzlg.net\/wordpress\/wp-json\/wp\/v2\/types\/page"}],"author":[{"embeddable":true,"href":"https:\/\/www.pzlg.net\/wordpress\/wp-json\/wp\/v2\/users\/2"}],"replies":[{"embeddable":true,"href":"https:\/\/www.pzlg.net\/wordpress\/wp-json\/wp\/v2\/comments?post=66"}],"version-history":[{"count":28,"href":"https:\/\/www.pzlg.net\/wordpress\/wp-json\/wp\/v2\/pages\/66\/revisions"}],"predecessor-version":[{"id":1235,"href":"https:\/\/www.pzlg.net\/wordpress\/wp-json\/wp\/v2\/pages\/66\/revisions\/1235"}],"up":[{"embeddable":true,"href":"https:\/\/www.pzlg.net\/wordpress\/wp-json\/wp\/v2\/pages\/14"}],"wp:attachment":[{"href":"https:\/\/www.pzlg.net\/wordpress\/wp-json\/wp\/v2\/media?parent=66"}],"curies":[{"name":"wp","href":"https:\/\/api.w.org\/{rel}","templated":true}]}}