{"id":57,"date":"2010-11-07T23:56:26","date_gmt":"2010-11-07T22:56:26","guid":{"rendered":"http:\/\/www.pzlg.net\/wordpress\/?page_id=57"},"modified":"2022-02-17T17:32:58","modified_gmt":"2022-02-17T16:32:58","slug":"hallstattzeit","status":"publish","type":"page","link":"https:\/\/www.pzlg.net\/wordpress\/projekte\/hallstattzeit\/","title":{"rendered":"Hallstattzeit"},"content":{"rendered":"\n<p id=\"ca-800-v-chr-bis-ca-450-v-chr\"><strong>Ca. 800 v. Chr. bis ca. 450 v. Chr.<\/strong><\/p>\n\n\n\n<p>Es ist eine Herausforderung, Lebensbilder von vergangenen Zeiten zu erstellen. Oft besteht das Problem, dass die Kleidung nur fragmentarisch erhalten ist und es nur wenige Abbildungen gibt.<\/p>\n\n\n\n<p>Aus der Hallstattzeit gibt es mit der Salzmine und dem Gr\u00e4berfeld von&nbsp;Hallstatt, der Heuneburg und vielen F\u00fcrstengr\u00e4bern herausragende Funde, aber auch sie erlauben nur einen kleinen Einblick in die Sachkultur, da nach \u00fcber 2500 Jahren die meisten organischen Materialien vergangen sind.<br>Unsere Arbeiten sind insofern nur Ann\u00e4herungen, zum Beispiel wird der Sitz der Kleidung anhand von Darstellungen auf Gef\u00e4\u00dfen und der Lage des Metallschmucks in Gr\u00e4bern interpretiert.<br>Wir k\u00f6nnen uns nie sicher sein, ob nicht die n\u00e4chste Ausgrabung mit neuen Funden und Erkenntnissen unser Bild von den Menschen aus der Hallstattzeit stark ver\u00e4ndert \u2013 aber genau das macht es auch so spannend, sich mit dieser Zeit zu besch\u00e4ftigen.<\/p>\n\n\n\n<p>Unser Arbeitsschwerpunkt sind textile Rekonstruktionen, insbesondere das Brettchenweben:<\/p>\n\n\n\n<figure class=\"wp-block-image size-large\"><img loading=\"lazy\" decoding=\"async\" width=\"635\" height=\"835\" src=\"https:\/\/www.pzlg.net\/wordpress\/wp-content\/uploads\/2019\/11\/Hallstatt2019.png\" alt=\"\" class=\"wp-image-914\" srcset=\"https:\/\/www.pzlg.net\/wordpress\/wp-content\/uploads\/2019\/11\/Hallstatt2019.png 635w, https:\/\/www.pzlg.net\/wordpress\/wp-content\/uploads\/2019\/11\/Hallstatt2019-228x300.png 228w\" sizes=\"auto, (max-width: 635px) 100vw, 635px\" \/><\/figure>\n","protected":false},"excerpt":{"rendered":"<p>Ca. 800 v. Chr. bis ca. 450 v. Chr. Es ist eine Herausforderung, Lebensbilder von vergangenen Zeiten zu erstellen. Oft besteht das Problem, dass die Kleidung nur fragmentarisch erhalten ist und es nur wenige Abbildungen gibt. Aus der Hallstattzeit gibt es mit der Salzmine und dem Gr\u00e4berfeld von&nbsp;Hallstatt, der Heuneburg und vielen F\u00fcrstengr\u00e4bern herausragende Funde, [&hellip;]<\/p>\n","protected":false},"author":2,"featured_media":0,"parent":14,"menu_order":2,"comment_status":"open","ping_status":"open","template":"","meta":{"footnotes":""},"class_list":["post-57","page","type-page","status-publish","hentry"],"_links":{"self":[{"href":"https:\/\/www.pzlg.net\/wordpress\/wp-json\/wp\/v2\/pages\/57","targetHints":{"allow":["GET"]}}],"collection":[{"href":"https:\/\/www.pzlg.net\/wordpress\/wp-json\/wp\/v2\/pages"}],"about":[{"href":"https:\/\/www.pzlg.net\/wordpress\/wp-json\/wp\/v2\/types\/page"}],"author":[{"embeddable":true,"href":"https:\/\/www.pzlg.net\/wordpress\/wp-json\/wp\/v2\/users\/2"}],"replies":[{"embeddable":true,"href":"https:\/\/www.pzlg.net\/wordpress\/wp-json\/wp\/v2\/comments?post=57"}],"version-history":[{"count":25,"href":"https:\/\/www.pzlg.net\/wordpress\/wp-json\/wp\/v2\/pages\/57\/revisions"}],"predecessor-version":[{"id":1230,"href":"https:\/\/www.pzlg.net\/wordpress\/wp-json\/wp\/v2\/pages\/57\/revisions\/1230"}],"up":[{"embeddable":true,"href":"https:\/\/www.pzlg.net\/wordpress\/wp-json\/wp\/v2\/pages\/14"}],"wp:attachment":[{"href":"https:\/\/www.pzlg.net\/wordpress\/wp-json\/wp\/v2\/media?parent=57"}],"curies":[{"name":"wp","href":"https:\/\/api.w.org\/{rel}","templated":true}]}}