{"id":288,"date":"2011-05-10T10:06:12","date_gmt":"2011-05-10T09:06:12","guid":{"rendered":"http:\/\/www.pzlg.net\/wordpress\/?page_id=288"},"modified":"2022-02-17T17:48:27","modified_gmt":"2022-02-17T16:48:27","slug":"textilien","status":"publish","type":"page","link":"https:\/\/www.pzlg.net\/wordpress\/projekte\/textilien\/","title":{"rendered":"Textilien"},"content":{"rendered":"\n<p>Ein Schwerpunkt unserer Besch\u00e4ftigung mit der Geschichte sind Textilien. Wir erarbeiten historische\/pr\u00e4historische Kleidung nach Bildvorlagen, arch\u00e4ologischen Funden und erhaltenen Textilien bzw. anhand der entsprechenden Fachliteratur.&nbsp;Die Stoffe weben und f\u00e4rben wir zum Teil selbst, um die zeittypischen technischen Merkmale der Textilien zeigen zu k\u00f6nnen, die mit modernen Stoffen nicht umsetzbar w\u00e4ren oder auch, um interessante Techniken und Prozesse vorzuf\u00fchren, die es heute nicht mehr gibt oder die kaum bekannt sind.<\/p>\n\n\n\n<p>Techniken und Arbeitsprozesse, mit denen wir uns befassen:<\/p>\n\n\n\n<ul class=\"wp-block-list\"><li>Vorbereitung von Wolle historischer Schafrassen (u.a. K\u00e4mmen mit historischen Wollk\u00e4mmen)<\/li><li>Spinnen<\/li><li>Weben am Gewichtswebstuhl und Trittwebstuhl<\/li><li>Brettchenweben<\/li><li>Nadelbindung<\/li><li>Sprang<\/li><li>Seidenstickerei (&#8220;Opus Teutonicum&#8221;)<\/li><\/ul>\n\n\n\n<p>Mitglieder unseres Vereins haben Kleidungsensembles und weitere Textilien f\u00fcr folgende Zeitstellungen erarbeitet:<\/p>\n\n\n\n<ul class=\"wp-block-list\"><li>Nordische Bronzezeit<\/li><li>Hallstattzeit, Lat\u00e9ne-Zeit<\/li><li>R\u00f6mische Kaiserzeit (provinzialr\u00f6misch und germanisch)<\/li><li>V\u00f6lkerwanderungszeit, Merowingerzeit<\/li><li>Friesen des 9. Jh.<\/li><li>Haithabu 10. Jh.<\/li><li>Hochmittelalter: Mitte des 13. Jh., Deutschland<\/li><li>Sp\u00e4tmittelalter: sp\u00e4tes 14. Jh. und sp\u00e4tes 15. Jh., Norddeutschland<\/li><\/ul>\n\n\n\n<figure class=\"wp-block-image\"><img loading=\"lazy\" decoding=\"async\" width=\"706\" height=\"723\" src=\"https:\/\/www.pzlg.net\/wordpress\/wp-content\/uploads\/2018\/05\/pzlg_textil-2017_neu.jpg\" alt=\"\" class=\"wp-image-812\" srcset=\"https:\/\/www.pzlg.net\/wordpress\/wp-content\/uploads\/2018\/05\/pzlg_textil-2017_neu.jpg 706w, https:\/\/www.pzlg.net\/wordpress\/wp-content\/uploads\/2018\/05\/pzlg_textil-2017_neu-293x300.jpg 293w\" sizes=\"auto, (max-width: 706px) 100vw, 706px\" \/><\/figure>\n","protected":false},"excerpt":{"rendered":"<p>Ein Schwerpunkt unserer Besch\u00e4ftigung mit der Geschichte sind Textilien. Wir erarbeiten historische\/pr\u00e4historische Kleidung nach Bildvorlagen, arch\u00e4ologischen Funden und erhaltenen Textilien bzw. anhand der entsprechenden Fachliteratur.&nbsp;Die Stoffe weben und f\u00e4rben wir zum Teil selbst, um die zeittypischen technischen Merkmale der Textilien zeigen zu k\u00f6nnen, die mit modernen Stoffen nicht umsetzbar w\u00e4ren oder auch, um interessante Techniken [&hellip;]<\/p>\n","protected":false},"author":7,"featured_media":0,"parent":14,"menu_order":17,"comment_status":"closed","ping_status":"closed","template":"","meta":{"footnotes":""},"class_list":["post-288","page","type-page","status-publish","hentry"],"_links":{"self":[{"href":"https:\/\/www.pzlg.net\/wordpress\/wp-json\/wp\/v2\/pages\/288","targetHints":{"allow":["GET"]}}],"collection":[{"href":"https:\/\/www.pzlg.net\/wordpress\/wp-json\/wp\/v2\/pages"}],"about":[{"href":"https:\/\/www.pzlg.net\/wordpress\/wp-json\/wp\/v2\/types\/page"}],"author":[{"embeddable":true,"href":"https:\/\/www.pzlg.net\/wordpress\/wp-json\/wp\/v2\/users\/7"}],"replies":[{"embeddable":true,"href":"https:\/\/www.pzlg.net\/wordpress\/wp-json\/wp\/v2\/comments?post=288"}],"version-history":[{"count":33,"href":"https:\/\/www.pzlg.net\/wordpress\/wp-json\/wp\/v2\/pages\/288\/revisions"}],"predecessor-version":[{"id":1246,"href":"https:\/\/www.pzlg.net\/wordpress\/wp-json\/wp\/v2\/pages\/288\/revisions\/1246"}],"up":[{"embeddable":true,"href":"https:\/\/www.pzlg.net\/wordpress\/wp-json\/wp\/v2\/pages\/14"}],"wp:attachment":[{"href":"https:\/\/www.pzlg.net\/wordpress\/wp-json\/wp\/v2\/media?parent=288"}],"curies":[{"name":"wp","href":"https:\/\/api.w.org\/{rel}","templated":true}]}}