{"id":279,"date":"2011-05-10T09:57:40","date_gmt":"2011-05-10T08:57:40","guid":{"rendered":"http:\/\/www.pzlg.net\/wordpress\/?page_id=279"},"modified":"2022-02-17T17:46:41","modified_gmt":"2022-02-17T16:46:41","slug":"buchmalerei","status":"publish","type":"page","link":"https:\/\/www.pzlg.net\/wordpress\/projekte\/buchmalerei\/","title":{"rendered":"Buchmalerei"},"content":{"rendered":"\n<p>B\u00fccher waren im Mittelalter Statussymbole von Klerus, Adel und sp\u00e4ter auch B\u00fcrgertum.<br>Bis zur Erfindung des Buchdrucks waren es liebevoll hergestellte Einzelexemplare, die je nach Ausschm\u00fcckung und Gr\u00f6\u00dfe den Rang und Reichtum des Besitzers wiederspiegelten.<\/p>\n\n\n\n<p>Die Miniaturen in diesen B\u00fcchern zeigen uns Lebensbilder ihrer Zeit, genau so wie sich in der Art der Bindung und der<br>Kunstfertigkeit der Einb\u00e4nde die Entwicklung der Handwerkstechniken wiederspiegelt.<br>Die Anfertigung dieser Kleinodien ist f\u00fcr uns ein interessantes und wichtiges Thema.<\/p>\n\n\n\n<figure class=\"wp-block-image\"><img loading=\"lazy\" decoding=\"async\" width=\"808\" height=\"817\" src=\"https:\/\/www.pzlg.net\/wordpress\/wp-content\/uploads\/2018\/05\/pzlg_Buecher_neu.jpg\" alt=\"\" class=\"wp-image-799\" srcset=\"https:\/\/www.pzlg.net\/wordpress\/wp-content\/uploads\/2018\/05\/pzlg_Buecher_neu.jpg 808w, https:\/\/www.pzlg.net\/wordpress\/wp-content\/uploads\/2018\/05\/pzlg_Buecher_neu-297x300.jpg 297w, https:\/\/www.pzlg.net\/wordpress\/wp-content\/uploads\/2018\/05\/pzlg_Buecher_neu-768x777.jpg 768w\" sizes=\"auto, (max-width: 808px) 100vw, 808px\" \/><\/figure>\n","protected":false},"excerpt":{"rendered":"<p>B\u00fccher waren im Mittelalter Statussymbole von Klerus, Adel und sp\u00e4ter auch B\u00fcrgertum.Bis zur Erfindung des Buchdrucks waren es liebevoll hergestellte Einzelexemplare, die je nach Ausschm\u00fcckung und Gr\u00f6\u00dfe den Rang und Reichtum des Besitzers wiederspiegelten. Die Miniaturen in diesen B\u00fcchern zeigen uns Lebensbilder ihrer Zeit, genau so wie sich in der Art der Bindung und derKunstfertigkeit [&hellip;]<\/p>\n","protected":false},"author":7,"featured_media":0,"parent":14,"menu_order":14,"comment_status":"closed","ping_status":"closed","template":"","meta":{"footnotes":""},"class_list":["post-279","page","type-page","status-publish","hentry"],"_links":{"self":[{"href":"https:\/\/www.pzlg.net\/wordpress\/wp-json\/wp\/v2\/pages\/279","targetHints":{"allow":["GET"]}}],"collection":[{"href":"https:\/\/www.pzlg.net\/wordpress\/wp-json\/wp\/v2\/pages"}],"about":[{"href":"https:\/\/www.pzlg.net\/wordpress\/wp-json\/wp\/v2\/types\/page"}],"author":[{"embeddable":true,"href":"https:\/\/www.pzlg.net\/wordpress\/wp-json\/wp\/v2\/users\/7"}],"replies":[{"embeddable":true,"href":"https:\/\/www.pzlg.net\/wordpress\/wp-json\/wp\/v2\/comments?post=279"}],"version-history":[{"count":18,"href":"https:\/\/www.pzlg.net\/wordpress\/wp-json\/wp\/v2\/pages\/279\/revisions"}],"predecessor-version":[{"id":1244,"href":"https:\/\/www.pzlg.net\/wordpress\/wp-json\/wp\/v2\/pages\/279\/revisions\/1244"}],"up":[{"embeddable":true,"href":"https:\/\/www.pzlg.net\/wordpress\/wp-json\/wp\/v2\/pages\/14"}],"wp:attachment":[{"href":"https:\/\/www.pzlg.net\/wordpress\/wp-json\/wp\/v2\/media?parent=279"}],"curies":[{"name":"wp","href":"https:\/\/api.w.org\/{rel}","templated":true}]}}