{"id":100,"date":"2018-05-24T20:53:44","date_gmt":"2018-05-24T18:53:44","guid":{"rendered":"http:\/\/www.pzlg.net\/wordpress\/?page_id=100"},"modified":"2022-02-17T17:52:34","modified_gmt":"2022-02-17T16:52:34","slug":"impressum","status":"publish","type":"page","link":"https:\/\/www.pzlg.net\/wordpress\/impressum\/","title":{"rendered":"Impressum und Datenschutz"},"content":{"rendered":"\n<h1 class=\"has-large-font-size wp-block-heading\" id=\"impressum\" style=\"font-style:normal;font-weight:600\">Impressum<\/h1>\n\n\n\n<p><strong>Projekte zur lebendigen Geschichte e.V.<\/strong><\/p>\n\n\n\n<p><strong>Vertreten durch:<\/strong><\/p>\n\n\n\n<figure class=\"wp-block-image\"><img loading=\"lazy\" decoding=\"async\" width=\"201\" height=\"112\" src=\"https:\/\/www.pzlg.net\/wordpress\/wp-content\/uploads\/2018\/05\/kontaktangaben.gif\" alt=\"Kontaktangaben PzlG im Bild\" class=\"wp-image-816\"\/><\/figure>\n\n\n\n<h1 class=\"has-large-font-size wp-block-heading\" id=\"urheberrechtliche-hinweise-alle-rechte-vorbehalten-eine-nutzung-der-inhalte-ist-nur-zur-privaten-zwecken-gestattet-benotigen-sie-fur-publikationen-auch-im-internet-oder-ausstellungen-bilder-oder-inhalte-so-darf-dies-nur-nach-rucksprache-erfolgen\" style=\"font-style:normal;font-weight:600\">Urheberrechtliche Hinweise<\/h1>\n\n\n\n<p>Diese Seite ist eine nichtkommerzielle Website. Alle Rechte vorbehalten.<\/p>\n\n\n\n<h1 class=\"has-large-font-size wp-block-heading\" id=\"datenschutzerklarung\" style=\"font-style:normal;font-weight:600\">Datenschutzerkl\u00e4rung<\/h1>\n\n\n\n<p>Verantwortliche Stelle im Sinne der Datenschutzgesetze ist:<\/p>\n\n\n\n<figure class=\"wp-block-image\"><img loading=\"lazy\" decoding=\"async\" width=\"201\" height=\"112\" src=\"https:\/\/www.pzlg.net\/wordpress\/wp-content\/uploads\/2018\/05\/kontaktangaben.gif\" alt=\"Kontaktangaben PzlG im Bild\" class=\"wp-image-816\"\/><\/figure>\n\n\n\n<h2 class=\"has-medium-font-size wp-block-heading\" id=\"erfassung-allgemeiner-informationen\" style=\"font-style:normal;font-weight:600\">Erfassung allgemeiner Informationen<\/h2>\n\n\n\n<p>Wenn Sie auf unsere Webseite zugreifen, werden automatisch Informationen allgemeiner Natur erfasst. Diese Informationen (Server-Logfiles) beinhalten etwa die Art des Webbrowsers, das verwendete Betriebssystem, den Domainnamen Ihres Internet Service Providers und \u00c4hnliches. Hierbei handelt es sich ausschlie\u00dflich um Informationen, welche keine R\u00fcckschl\u00fcsse auf Ihre Person zulassen. Diese Informationen sind technisch notwendig, um von Ihnen angeforderte Inhalte von Webseiten korrekt auszuliefern und fallen bei Nutzung des Internets zwingend an. Anonyme Informationen dieser Art werden von uns statistisch ausgewertet, um unseren Internetauftritt und die dahinterstehende Technik zu optimieren.<\/p>\n\n\n\n<h2 class=\"has-medium-font-size wp-block-heading\" id=\"cookies\" style=\"font-style:normal;font-weight:600\">Cookies<\/h2>\n\n\n\n<p>Wie viele andere Webseiten verwenden wir auch so genannte \u201eCookies\u201c. Cookies sind kleine Textdateien, die von einem Webseitenserver auf Ihre Festplatte \u00fcbertragen werden. Hierdurch erhalten wir automatisch bestimmte Daten wie z. B. IP-Adresse, verwendeter Browser, Betriebssystem \u00fcber Ihren Computer und Ihre Verbindung zum Internet.<\/p>\n\n\n\n<p>Cookies k\u00f6nnen nicht verwendet werden, um Programme zu starten oder Viren auf einen Computer zu \u00fcbertragen. Anhand der in Cookies enthaltenen Informationen k\u00f6nnen wir Ihnen die Navigation erleichtern und die korrekte Anzeige unserer Webseiten erm\u00f6glichen.<\/p>\n\n\n\n<p>In keinem Fall werden die von uns erfassten Daten an Dritte weitergegeben oder ohne Ihre Einwilligung eine Verkn\u00fcpfung mit personenbezogenen Daten hergestellt.<\/p>\n\n\n\n<p>Nat\u00fcrlich k\u00f6nnen Sie unsere Website grunds\u00e4tzlich auch ohne Cookies betrachten. Internet-Browser sind regelm\u00e4\u00dfig so eingestellt, dass sie Cookies akzeptieren. Sie k\u00f6nnen die Verwendung von Cookies jederzeit \u00fcber die Einstellungen Ihres Browsers deaktivieren. Bitte verwenden Sie die Hilfefunktionen Ihres Internetbrowsers, um zu erfahren, wie Sie diese Einstellungen \u00e4ndern k\u00f6nnen. Bitte beachten Sie, dass einzelne Funktionen unserer Website m\u00f6glicherweise nicht funktionieren, wenn Sie die Verwendung von Cookies deaktiviert haben.<\/p>\n\n\n\n<h2 class=\"has-medium-font-size wp-block-heading\" id=\"ssl-verschlusselung\" style=\"font-style:normal;font-weight:600\">SSL-Verschl\u00fcsselung<\/h2>\n\n\n\n<p>Um die Sicherheit Ihrer Daten bei der \u00dcbertragung zu sch\u00fctzen, verwenden wir dem aktuellen Stand der Technik entsprechende Verschl\u00fcsselungsverfahren (z. B. SSL) \u00fcber HTTPS.<\/p>\n\n\n\n<h2 class=\"has-medium-font-size wp-block-heading\" id=\"loschung-bzw-sperrung-der-daten\" style=\"font-style:normal;font-weight:600\">L\u00f6schung bzw. Sperrung der Daten<\/h2>\n\n\n\n<p>Wir halten uns an die Grunds\u00e4tze der Datenvermeidung und Datensparsamkeit. Wir speichern Ihre personenbezogenen Daten daher nur so lange, wie dies zur Erreichung der hier genannten Zwecke erforderlich ist oder wie es die vom Gesetzgeber vorgesehenen vielf\u00e4ltigen Speicherfristen vorsehen. Nach Fortfall des jeweiligen Zweckes bzw. Ablauf dieser Fristen werden die entsprechenden Daten routinem\u00e4\u00dfig und entsprechend den gesetzlichen Vorschriften gesperrt oder gel\u00f6scht.<\/p>\n\n\n\n<h2 class=\"has-medium-font-size wp-block-heading\" id=\"verwendung-von-scriptbibliotheken-google-webfonts\" style=\"font-style:normal;font-weight:600\">Verwendung von Scriptbibliotheken (Google Webfonts)<\/h2>\n\n\n\n<p>Um unsere Inhalte browser\u00fcbergreifend korrekt und grafisch ansprechend darzustellen, verwenden wir auf dieser Website Scriptbibliotheken und Schriftbibliotheken wie z. B. Google Webfonts (<a href=\"http:\/\/www.google.com\/webfonts\/\">https:\/\/www.google.com\/webfonts\/<\/a>). Google Webfonts werden zur Vermeidung mehrfachen Ladens in den Cache Ihres Browsers \u00fcbertragen. Falls der Browser die Google Webfonts nicht unterst\u00fctzt oder den Zugriff unterbindet, werden Inhalte in einer Standardschrift angezeigt.<\/p>\n\n\n\n<p>Der Aufruf von Scriptbibliotheken oder Schriftbibliotheken l\u00f6st automatisch eine Verbindung zum Betreiber der Bibliothek aus. Dabei ist es theoretisch m\u00f6glich \u2013 aktuell allerdings auch unklar ob und ggf. zu welchen Zwecken \u2013 dass Betreiber entsprechender Bibliotheken Daten erheben.<\/p>\n\n\n\n<p>Die Datenschutzrichtlinie des Bibliothekbetreibers Google finden Sie hier: <a href=\"https:\/\/www.google.com\/policies\/privacy\/\">https:\/\/www.google.com\/policies\/privacy\/<\/a><\/p>\n\n\n\n<h2 class=\"has-medium-font-size wp-block-heading\" id=\"recht-auf-auskunft-loschung-sperrung\" style=\"font-style:normal;font-weight:600\"><strong>Recht auf Auskunft, L\u00f6schung, Sperrung<\/strong><\/h2>\n\n\n\n<p>Sie haben jederzeit das Recht auf unentgeltliche Auskunft \u00fcber Ihre gespeicherten personenbezogenen Daten, deren Herkunft und Empf\u00e4nger und den Zweck der Datenverarbeitung sowie ein Recht auf Berichtigung, Sperrung oder L\u00f6schung dieser Daten. Hierzu sowie zu weiteren Fragen zum Thema personenbezogene Daten k\u00f6nnen Sie sich jederzeit unter der im Impressum angegebenen Email-Adresse an uns wenden.<\/p>\n\n\n\n<h2 class=\"has-medium-font-size wp-block-heading\" id=\"anderung-unserer-datenschutzbestimmungen\" style=\"font-style:normal;font-weight:600\"><strong>\u00c4nderung unserer Datenschutzbestimmungen<\/strong><\/h2>\n\n\n\n<p>Wir behalten uns vor, diese Datenschutzerkl\u00e4rung gelegentlich anzupassen, damit sie stets den aktuellen rechtlichen Anforderungen entspricht oder um \u00c4nderungen unserer Leistungen in der Datenschutzerkl\u00e4rung umzusetzen, z. B. bei der Einf\u00fchrung neuer Services. F\u00fcr Ihren erneuten Besuch gilt dann die neue Datenschutzerkl\u00e4rung.<\/p>\n\n\n\n<p><\/p>\n","protected":false},"excerpt":{"rendered":"<p>Impressum Projekte zur lebendigen Geschichte e.V. Vertreten durch: Urheberrechtliche Hinweise Diese Seite ist eine nichtkommerzielle Website. Alle Rechte vorbehalten. Datenschutzerkl\u00e4rung Verantwortliche Stelle im Sinne der Datenschutzgesetze ist: Erfassung allgemeiner Informationen Wenn Sie auf unsere Webseite zugreifen, werden automatisch Informationen allgemeiner Natur erfasst. Diese Informationen (Server-Logfiles) beinhalten etwa die Art des Webbrowsers, das verwendete Betriebssystem, den [&hellip;]<\/p>\n","protected":false},"author":2,"featured_media":0,"parent":0,"menu_order":5,"comment_status":"closed","ping_status":"closed","template":"","meta":{"footnotes":""},"class_list":["post-100","page","type-page","status-publish","hentry"],"_links":{"self":[{"href":"https:\/\/www.pzlg.net\/wordpress\/wp-json\/wp\/v2\/pages\/100","targetHints":{"allow":["GET"]}}],"collection":[{"href":"https:\/\/www.pzlg.net\/wordpress\/wp-json\/wp\/v2\/pages"}],"about":[{"href":"https:\/\/www.pzlg.net\/wordpress\/wp-json\/wp\/v2\/types\/page"}],"author":[{"embeddable":true,"href":"https:\/\/www.pzlg.net\/wordpress\/wp-json\/wp\/v2\/users\/2"}],"replies":[{"embeddable":true,"href":"https:\/\/www.pzlg.net\/wordpress\/wp-json\/wp\/v2\/comments?post=100"}],"version-history":[{"count":38,"href":"https:\/\/www.pzlg.net\/wordpress\/wp-json\/wp\/v2\/pages\/100\/revisions"}],"predecessor-version":[{"id":1250,"href":"https:\/\/www.pzlg.net\/wordpress\/wp-json\/wp\/v2\/pages\/100\/revisions\/1250"}],"wp:attachment":[{"href":"https:\/\/www.pzlg.net\/wordpress\/wp-json\/wp\/v2\/media?parent=100"}],"curies":[{"name":"wp","href":"https:\/\/api.w.org\/{rel}","templated":true}]}}